{"id":6,"date":"2024-04-12T09:00:16","date_gmt":"2024-04-12T07:00:16","guid":{"rendered":"https:\/\/codeless.co\/specular\/business\/?page_id=6"},"modified":"2024-04-16T10:29:44","modified_gmt":"2024-04-16T08:29:44","slug":"home","status":"publish","type":"page","link":"https:\/\/fengguoqing.com\/zh\/","title":{"rendered":"Home"},"content":{"rendered":"<div class=\"wpb-content-wrapper\"><p>[vc_row][vc_column width=&#8221;2\/3&#8243;][vc_column_text]<\/p>\n<h3 style=\"text-align: center;\">Dr. Guoqing FENG<br \/>\nAllgemein beeideter und gerichtlich zertifizierter Dolmetscher<br \/>\nEiner der hervorragendsten Simultandolmetscher im deutschsprachigen Raum<br \/>\nDER Dolmetscher der \u00f6sterreichischen Staatspolitiker in Sachen China<\/h3>\n<p>[\/vc_column_text][\/vc_column][vc_column width=&#8221;1\/3&#8243;][vc_column_text]<\/p>\n<h3 style=\"text-align: center;\">\u200b\u51af\u56fd\u5e86\u535a\u58eb<br \/>\n\u5fb7\u8bed\u56fd\u5bb6\u6700\u6770\u51fa\u7684\u540c\u4f20\u7ffb\u8bd1<br \/>\n\u5965\u5730\u5229\u56fd\u5bb6\u4e2d\u5fb7\u6587\u6cd5\u5b9a\u7ffb\u8bd1<br \/>\n\u5965\u4e2d\u6700\u9ad8\u9886\u5bfc\u4eba\u7684\u9996\u5e2d\u7ffb\u8bd1<\/h3>\n<p>[\/vc_column_text][\/vc_column][\/vc_row][vc_row][vc_column width=&#8221;1\/3&#8243;][media alignment=&#8221;center&#8221; animation=&#8221;none&#8221; link=&#8221;&#8221; image=&#8221;1096&#8243; width=&#8221;400&#8243;][\/vc_column][vc_column width=&#8221;1\/3&#8243;][vc_column_text css_animation=&#8221;fadeIn&#8221;]Liebe Freunde und gesch\u00e4tzte Bekannte!<\/p>\n<p>Meine Familie und ich m\u00f6chten allen Verwandten, Freunden, Vereinen und Organisationen, Regierungschefs und Menschen aus allen Lebensbereichen, die uns ihr Beileid aufgrund des Todes meines Mannes, Dr. Feng Guoqing, ausgesprochen haben, unseren herzlichen Dank aussprechen!<\/p>\n<p>Wir werden uns immer an diese freundschaftliche Geste erinnern!<\/p>\n<p>Ich wurde bis zum 26. M\u00e4rz 2021 im Krankenhaus behandelt. Vielen Dank f\u00fcr Ihre ermunternden und r\u00fchrenden Worte. Das \u00f6sterreichische medizinische Personal behandelte mich hervorragend und daher ist mein Zustand deutlich verbessert worden.<\/p>\n<p>Vielen Dank f\u00fcr Ihre Bem\u00fchungen und Ihre Freundlichkeit, diese Website in Gedenken an Feng Guoqing einzurichten und zu vervollst\u00e4ndigen.<br \/>\nAlle Nachrufe und gemeinsamen Fotos werden als kostbare und ewige Erinnerung aufgenommen und aufbewahrt!<\/p>\n<p>Obwohl Guoqing seinen Weg schon weitergegangen ist, bleibt er f\u00fcr immer in unserem Herzen.<\/p>\n<p>Sich herzlichst bedankend<br \/>\nDuan-Rung Feng-Chang, Sophie Feng und Paul Feng[\/vc_column_text][\/vc_column][vc_column width=&#8221;1\/3&#8243;][vc_column_text css_animation=&#8221;fadeIn&#8221;]<\/p>\n<p class=\"font_8 wixui-rich-text__text\"><span class=\"wixui-rich-text__text\">\u5404\u4f4d\u4eb2\u670b\u597d\u53cb! \u5927\u5bb6\u597d!<\/span><\/p>\n<p class=\"font_8 wixui-rich-text__text\"><span class=\"wixui-rich-text__text\">\u6211\u548c\u5bb6\u4eba\uff0c\u5411\u56e0\u6211\u4e08\u592b\u51af\u56fd\u5e86\u535a\u58eb\u7684\u79bb\u4e16\uff0c\u7eb7\u7eb7\u8868\u8fbe\u54c0\u60bc\u601d\u5ff5\u548c\u6170\u95ee\u7684\u6240\u6709\u6d77\u5185\u5916\u4eb2\u670b\u597d\u53cb\u3001\u793e\u56e2\u673a\u6784\u3001\u653f\u5e9c\u9886\u5bfc\u53ca\u5404\u754c\u4eba\u58eb\uff0c\u8868\u793a\u6700\u8877\u5fc3\u7684\u611f\u8c22!<\/span><\/p>\n<p class=\"font_8 wixui-rich-text__text\"><span class=\"wixui-rich-text__text\">\u8fd9\u4efd\u8bda\u631a\u7684\u6df1\u60c5\u539a\u8c0a\uff0c\u6211\u4eec\u4f1a\u6c38\u8fdc\u94ed\u8bb0!<\/span><\/p>\n<p class=\"font_8 wixui-rich-text__text\"><span class=\"wixui-rich-text__text\">\u6211\u5df2\u7ecf\u4e8e\u4e09\u6708\u4e8c\u5341\u516d\u65e5\u51fa\u9662\uff0c\u611f\u8c22\u5404\u4f4d\u7684\u5173\u5fc3\u9f13\u52b1\uff0c\u5965\u5730\u5229\u533b\u52a1\u4eba\u5458\u7684\u7cbe\u5fc3\u6cbb\u7597\uff0c\u73b0\u5728\u75c5\u60c5\u5df2\u6709\u597d\u8f6c\u3002<\/span><\/p>\n<p class=\"font_8 wixui-rich-text__text\"><span class=\"wixui-rich-text__text\">\u611f\u8c22\u5927\u5bb6\u5171\u540c\u7684\u52aa\u529b\u548c\u4e00\u4efd\u5fc3\u610f\uff0c&#8221;\u7eaa\u5ff5\u51af\u56fd\u5e86\u535a\u58eb\u7f51\u7ad9&#8221;\u5df2\u5efa\u6210\uff0c\u6240\u6709\u7684\u5501\u7535\u5501\u51fd\u548c\u60bc\u8bcd\u7167\u7247\u7f05\u6000\u6587\u7ae0\uff0c\u6211\u4eec\u5bb6\u4eba\u90fd\u4f1a\u6536\u5f55\u5176\u4e2d\uff0c\u4f5c\u4e3a\u73cd\u8d35\u800c\u6c38\u6052\u7684\u7eaa\u5ff5!<\/span><\/p>\n<p class=\"font_8 wixui-rich-text__text\"><span class=\"wixui-rich-text__text\">\u56fd\u5e86\u867d\u7136\u5df2\u7ecf\u8fdc\u884c\uff0c\u4f46\u4ed6\u4e00\u76f4\u6d3b\u5728\u6211\u4eec\u5fc3\u91cc!<\/span><\/p>\n<p class=\"font_8 wixui-rich-text__text\"><span class=\"wixui-rich-text__text\">\u97a0\u8eac\u81f4\u8c22!\u00a0<\/span><\/p>\n<p class=\"font_8 wixui-rich-text__text\"><span class=\"wixui-rich-text__text\">\u5f20\u7aef\u5bb9\u7387\u5b50\u5973\u51af\u82cf\u83f2\u3001\u51af\u4fdd\u5f55 \u00a0 \u00a0 \u00a0 \u00a0<\/span><\/p>\n<p>[\/vc_column_text][\/vc_column][\/vc_row][vc_row][vc_column width=&#8221;1\/2&#8243;][media image=&#8221;1146&#8243;][\/vc_column][vc_column width=&#8221;1\/2&#8243;][media image=&#8221;1145&#8243;][\/vc_column][\/vc_row]<\/p>\n<\/div>","protected":false},"excerpt":{"rendered":"<p>[vc_row][vc_column width=&#8221;2\/3&#8243;][vc_column_t [&hellip;]<\/p>\n","protected":false},"author":1,"featured_media":0,"parent":0,"menu_order":0,"comment_status":"open","ping_status":"closed","template":"","meta":{"footnotes":""},"translation":{"provider":"WPGlobus","version":"2.12.2","language":"zh","enabled_languages":["de","zh"],"languages":{"de":{"title":true,"content":true,"excerpt":false},"zh":{"title":false,"content":false,"excerpt":false}}},"_links":{"self":[{"href":"https:\/\/fengguoqing.com\/zh\/wp-json\/wp\/v2\/pages\/6"}],"collection":[{"href":"https:\/\/fengguoqing.com\/zh\/wp-json\/wp\/v2\/pages"}],"about":[{"href":"https:\/\/fengguoqing.com\/zh\/wp-json\/wp\/v2\/types\/page"}],"author":[{"embeddable":true,"href":"https:\/\/fengguoqing.com\/zh\/wp-json\/wp\/v2\/users\/1"}],"replies":[{"embeddable":true,"href":"https:\/\/fengguoqing.com\/zh\/wp-json\/wp\/v2\/comments?post=6"}],"version-history":[{"count":10,"href":"https:\/\/fengguoqing.com\/zh\/wp-json\/wp\/v2\/pages\/6\/revisions"}],"predecessor-version":[{"id":1420,"href":"https:\/\/fengguoqing.com\/zh\/wp-json\/wp\/v2\/pages\/6\/revisions\/1420"}],"wp:attachment":[{"href":"https:\/\/fengguoqing.com\/zh\/wp-json\/wp\/v2\/media?parent=6"}],"curies":[{"name":"wp","href":"https:\/\/api.w.org\/{rel}","templated":true}]}}